{"id":176,"date":"2023-03-27T16:29:57","date_gmt":"2023-03-27T14:29:57","guid":{"rendered":"http:\/\/consciousman.secretcats.pl\/?page_id=176"},"modified":"2023-03-27T16:29:57","modified_gmt":"2023-03-27T14:29:57","slug":"polityka-plikow-cookies","status":"publish","type":"page","link":"https:\/\/consciousman.pl\/en\/polityka-plikow-cookies\/","title":{"rendered":"Polityka plik\u00f3w cookies"},"content":{"rendered":"<div id=\"dslc-theme-content\"><div id=\"dslc-theme-content-inner\"><\/div><\/div>","protected":false},"excerpt":{"rendered":"","protected":false},"author":1,"featured_media":0,"parent":0,"menu_order":0,"comment_status":"closed","ping_status":"closed","template":"","meta":{"footnotes":""},"class_list":["post-176","page","type-page","status-publish","hentry"],"yoast_head":"<!-- This site is optimized with the Yoast SEO plugin v21.7 - https:\/\/yoast.com\/wordpress\/plugins\/seo\/ -->\n<title>Polityka plik\u00f3w cookies - EN | CONSCIOUSMAN<\/title>\n<meta name=\"robots\" content=\"index, follow, max-snippet:-1, max-image-preview:large, max-video-preview:-1\" \/>\n<link rel=\"canonical\" href=\"https:\/\/consciousman.pl\/en\/polityka-plikow-cookies\/\" \/>\n<meta property=\"og:locale\" content=\"en_GB\" \/>\n<meta property=\"og:type\" content=\"article\" \/>\n<meta property=\"og:title\" content=\"Polityka plik\u00f3w cookies - EN | CONSCIOUSMAN\" \/>\n<meta property=\"og:url\" content=\"https:\/\/consciousman.pl\/en\/polityka-plikow-cookies\/\" \/>\n<meta property=\"og:site_name\" content=\"EN | CONSCIOUSMAN\" \/>\n<meta property=\"og:image\" content=\"https:\/\/consciousman.pl\/en\/wp-content\/uploads\/sites\/2\/2023\/02\/logo.png\" \/>\n\t<meta property=\"og:image:width\" content=\"500\" \/>\n\t<meta property=\"og:image:height\" content=\"500\" \/>\n\t<meta property=\"og:image:type\" content=\"image\/png\" \/>\n<meta name=\"twitter:card\" content=\"summary_large_image\" \/>\n<script type=\"application\/ld+json\" class=\"yoast-schema-graph\">{\"@context\":\"https:\/\/schema.org\",\"@graph\":[{\"@type\":\"WebPage\",\"@id\":\"https:\/\/consciousman.pl\/en\/polityka-plikow-cookies\/\",\"url\":\"https:\/\/consciousman.pl\/en\/polityka-plikow-cookies\/\",\"name\":\"Polityka plik\u00f3w cookies - EN | CONSCIOUSMAN\",\"isPartOf\":{\"@id\":\"https:\/\/consciousman.pl\/en\/#website\"},\"datePublished\":\"2023-03-27T14:29:57+00:00\",\"dateModified\":\"2023-03-27T14:29:57+00:00\",\"breadcrumb\":{\"@id\":\"https:\/\/consciousman.pl\/en\/polityka-plikow-cookies\/#breadcrumb\"},\"inLanguage\":\"en-GB\",\"potentialAction\":[{\"@type\":\"ReadAction\",\"target\":[\"https:\/\/consciousman.pl\/en\/polityka-plikow-cookies\/\"]}]},{\"@type\":\"BreadcrumbList\",\"@id\":\"https:\/\/consciousman.pl\/en\/polityka-plikow-cookies\/#breadcrumb\",\"itemListElement\":[{\"@type\":\"ListItem\",\"position\":1,\"name\":\"Strona g\u0142\u00f3wna\",\"item\":\"https:\/\/consciousman.pl\/en\/\"},{\"@type\":\"ListItem\",\"position\":2,\"name\":\"Polityka plik\u00f3w cookies\"}]},{\"@type\":\"WebSite\",\"@id\":\"https:\/\/consciousman.pl\/en\/#website\",\"url\":\"https:\/\/consciousman.pl\/en\/\",\"name\":\"EN | CONSCIOUSMAN\",\"description\":\"CONSCIOUS MAN | Festiwal Nowego M\u0119\u017cczyzny\",\"publisher\":{\"@id\":\"https:\/\/consciousman.pl\/en\/#organization\"},\"potentialAction\":[{\"@type\":\"SearchAction\",\"target\":{\"@type\":\"EntryPoint\",\"urlTemplate\":\"https:\/\/consciousman.pl\/en\/?s={search_term_string}\"},\"query-input\":\"required name=search_term_string\"}],\"inLanguage\":\"en-GB\"},{\"@type\":\"Organization\",\"@id\":\"https:\/\/consciousman.pl\/en\/#organization\",\"name\":\"CONSCIOUS MAN | Festiwal Nowego M\u0119\u017cczyzny\",\"alternateName\":\"CONSCIOUS MAN | Festiwal Nowego M\u0119\u017cczyzny\",\"url\":\"https:\/\/consciousman.pl\/en\/\",\"logo\":{\"@type\":\"ImageObject\",\"inLanguage\":\"en-GB\",\"@id\":\"https:\/\/consciousman.pl\/en\/#\/schema\/logo\/image\/\",\"url\":\"https:\/\/consciousman.pl\/en\/wp-content\/uploads\/sites\/2\/2023\/02\/logo.png\",\"contentUrl\":\"https:\/\/consciousman.pl\/en\/wp-content\/uploads\/sites\/2\/2023\/02\/logo.png\",\"width\":500,\"height\":500,\"caption\":\"CONSCIOUS MAN | Festiwal Nowego M\u0119\u017cczyzny\"},\"image\":{\"@id\":\"https:\/\/consciousman.pl\/en\/#\/schema\/logo\/image\/\"}}]}<\/script>\n<!-- \/ Yoast SEO plugin. -->","yoast_head_json":{"title":"Polityka plik\u00f3w cookies - EN | CONSCIOUSMAN","robots":{"index":"index","follow":"follow","max-snippet":"max-snippet:-1","max-image-preview":"max-image-preview:large","max-video-preview":"max-video-preview:-1"},"canonical":"https:\/\/consciousman.pl\/en\/polityka-plikow-cookies\/","og_locale":"en_GB","og_type":"article","og_title":"Polityka plik\u00f3w cookies - EN | CONSCIOUSMAN","og_url":"https:\/\/consciousman.pl\/en\/polityka-plikow-cookies\/","og_site_name":"EN | CONSCIOUSMAN","og_image":[{"width":500,"height":500,"url":"https:\/\/consciousman.pl\/en\/wp-content\/uploads\/sites\/2\/2023\/02\/logo.png","type":"image\/png"}],"twitter_card":"summary_large_image","schema":{"@context":"https:\/\/schema.org","@graph":[{"@type":"WebPage","@id":"https:\/\/consciousman.pl\/en\/polityka-plikow-cookies\/","url":"https:\/\/consciousman.pl\/en\/polityka-plikow-cookies\/","name":"Polityka plik\u00f3w cookies - EN | CONSCIOUSMAN","isPartOf":{"@id":"https:\/\/consciousman.pl\/en\/#website"},"datePublished":"2023-03-27T14:29:57+00:00","dateModified":"2023-03-27T14:29:57+00:00","breadcrumb":{"@id":"https:\/\/consciousman.pl\/en\/polityka-plikow-cookies\/#breadcrumb"},"inLanguage":"en-GB","potentialAction":[{"@type":"ReadAction","target":["https:\/\/consciousman.pl\/en\/polityka-plikow-cookies\/"]}]},{"@type":"BreadcrumbList","@id":"https:\/\/consciousman.pl\/en\/polityka-plikow-cookies\/#breadcrumb","itemListElement":[{"@type":"ListItem","position":1,"name":"Strona g\u0142\u00f3wna","item":"https:\/\/consciousman.pl\/en\/"},{"@type":"ListItem","position":2,"name":"Polityka plik\u00f3w cookies"}]},{"@type":"WebSite","@id":"https:\/\/consciousman.pl\/en\/#website","url":"https:\/\/consciousman.pl\/en\/","name":"EN | CONSCIOUSMAN","description":"CONSCIOUS MAN | Festiwal Nowego M\u0119\u017cczyzny","publisher":{"@id":"https:\/\/consciousman.pl\/en\/#organization"},"potentialAction":[{"@type":"SearchAction","target":{"@type":"EntryPoint","urlTemplate":"https:\/\/consciousman.pl\/en\/?s={search_term_string}"},"query-input":"required name=search_term_string"}],"inLanguage":"en-GB"},{"@type":"Organization","@id":"https:\/\/consciousman.pl\/en\/#organization","name":"CONSCIOUS MAN | Festiwal Nowego M\u0119\u017cczyzny","alternateName":"CONSCIOUS MAN | Festiwal Nowego M\u0119\u017cczyzny","url":"https:\/\/consciousman.pl\/en\/","logo":{"@type":"ImageObject","inLanguage":"en-GB","@id":"https:\/\/consciousman.pl\/en\/#\/schema\/logo\/image\/","url":"https:\/\/consciousman.pl\/en\/wp-content\/uploads\/sites\/2\/2023\/02\/logo.png","contentUrl":"https:\/\/consciousman.pl\/en\/wp-content\/uploads\/sites\/2\/2023\/02\/logo.png","width":500,"height":500,"caption":"CONSCIOUS MAN | Festiwal Nowego M\u0119\u017cczyzny"},"image":{"@id":"https:\/\/consciousman.pl\/en\/#\/schema\/logo\/image\/"}}]}},"_links":{"self":[{"href":"https:\/\/consciousman.pl\/en\/wp-json\/wp\/v2\/pages\/176","targetHints":{"allow":["GET"]}}],"collection":[{"href":"https:\/\/consciousman.pl\/en\/wp-json\/wp\/v2\/pages"}],"about":[{"href":"https:\/\/consciousman.pl\/en\/wp-json\/wp\/v2\/types\/page"}],"author":[{"embeddable":true,"href":"https:\/\/consciousman.pl\/en\/wp-json\/wp\/v2\/users\/1"}],"replies":[{"embeddable":true,"href":"https:\/\/consciousman.pl\/en\/wp-json\/wp\/v2\/comments?post=176"}],"version-history":[{"count":1,"href":"https:\/\/consciousman.pl\/en\/wp-json\/wp\/v2\/pages\/176\/revisions"}],"predecessor-version":[{"id":177,"href":"https:\/\/consciousman.pl\/en\/wp-json\/wp\/v2\/pages\/176\/revisions\/177"}],"wp:attachment":[{"href":"https:\/\/consciousman.pl\/en\/wp-json\/wp\/v2\/media?parent=176"}],"curies":[{"name":"wp","href":"https:\/\/api.w.org\/{rel}","templated":true}]}}